{"id":2451,"date":"2020-03-09T03:54:58","date_gmt":"2020-03-09T03:54:58","guid":{"rendered":"http:\/\/wpdemo.archiwp.com\/engitech\/?page_id=2451"},"modified":"2024-12-23T20:51:29","modified_gmt":"2024-12-23T20:51:29","slug":"home-2","status":"publish","type":"page","link":"https:\/\/www.bouhlitec.com\/de\/","title":{"rendered":"Home 2"},"content":{"rendered":"<div data-elementor-type=\"wp-page\" data-elementor-id=\"2451\" class=\"elementor elementor-2451\" data-elementor-settings=\"[]\">\n\t\t\t\t\t\t\t<div class=\"elementor-section-wrap\">\n\t\t\t\t\t\t\t<section class=\"elementor-section elementor-top-section elementor-element elementor-element-2b2a1aa elementor-section-content-middle ot-traditional elementor-section-boxed elementor-section-height-default elementor-section-height-default\" data-id=\"2b2a1aa\" data-element_type=\"section\" id=\"home\" data-settings=\"{&quot;background_background&quot;:&quot;classic&quot;}\">\n\t\t\t\t\t\t<div class=\"elementor-container elementor-column-gap-extended\">\n\t\t\t\t\t<div class=\"elementor-column elementor-col-50 elementor-top-column elementor-element elementor-element-7f15c48 ot-flex-column-vertical\" data-id=\"7f15c48\" data-element_type=\"column\">\n\t\t\t<div class=\"elementor-widget-wrap elementor-element-populated\">\n\t\t\t\t\t\t\t\t<div class=\"elementor-element elementor-element-fc5ed0a elementor-widget elementor-widget-image\" data-id=\"fc5ed0a\" data-element_type=\"widget\" data-widget_type=\"image.default\">\n\t\t\t\t<div class=\"elementor-widget-container\">\n\t\t\t\t\t\t\t\t\t\t\t\t\t\t\t<img width=\"1031\" height=\"1032\" src=\"https:\/\/www.bouhlitec.com\/wp-content\/uploads\/2021\/09\/logo-1.png\" class=\"attachment-full size-full\" alt=\"\" loading=\"lazy\" srcset=\"https:\/\/www.bouhlitec.com\/wp-content\/uploads\/2021\/09\/logo-1.png 1031w, https:\/\/www.bouhlitec.com\/wp-content\/uploads\/2021\/09\/logo-1-300x300.png 300w, https:\/\/www.bouhlitec.com\/wp-content\/uploads\/2021\/09\/logo-1-1024x1024.png 1024w, https:\/\/www.bouhlitec.com\/wp-content\/uploads\/2021\/09\/logo-1-150x150.png 150w, https:\/\/www.bouhlitec.com\/wp-content\/uploads\/2021\/09\/logo-1-768x769.png 768w, https:\/\/www.bouhlitec.com\/wp-content\/uploads\/2021\/09\/logo-1-720x721.png 720w\" sizes=\"(max-width: 1031px) 100vw, 1031px\" \/>\t\t\t\t\t\t\t\t\t\t\t\t\t\t\t<\/div>\n\t\t\t\t<\/div>\n\t\t\t\t\t<\/div>\n\t\t<\/div>\n\t\t\t\t<div class=\"elementor-column elementor-col-50 elementor-top-column elementor-element elementor-element-749fa9a ot-flex-column-vertical\" data-id=\"749fa9a\" data-element_type=\"column\">\n\t\t\t<div class=\"elementor-widget-wrap elementor-element-populated\">\n\t\t\t\t\t\t\t\t<div class=\"elementor-element elementor-element-0579067 elementor-widget elementor-widget-heading\" data-id=\"0579067\" data-element_type=\"widget\" data-widget_type=\"heading.default\">\n\t\t\t\t<div class=\"elementor-widget-container\">\n\t\t\t<p class=\"elementor-heading-title elementor-size-default\">\/\/ Funktionalit\u00e4t, Bedienbarkeit &amp; Leistung<\/p>\t\t<\/div>\n\t\t\t\t<\/div>\n\t\t\t\t<div class=\"elementor-element elementor-element-7f85004 elementor-widget elementor-widget-heading\" data-id=\"7f85004\" data-element_type=\"widget\" data-widget_type=\"heading.default\">\n\t\t\t\t<div class=\"elementor-widget-container\">\n\t\t\t<h2 class=\"elementor-heading-title elementor-size-default\">AUTOMATION \nTECHNOLOGY <\/h2>\t\t<\/div>\n\t\t\t\t<\/div>\n\t\t\t\t<div class=\"elementor-element elementor-element-0af748b elementor-widget elementor-widget-text-editor\" data-id=\"0af748b\" data-element_type=\"widget\" data-widget_type=\"text-editor.default\">\n\t\t\t\t<div class=\"elementor-widget-container\">\n\t\t\t\t\t\t\t<p>Wir transformieren Unternehmen der meisten wichtigen Branchen mit leistungsstarken und anpassungsf\u00e4higen digitalen L\u00f6sungen, die den Anforderungen von heute gerecht werden.<\/p>\t\t\t\t\t\t<\/div>\n\t\t\t\t<\/div>\n\t\t\t\t<div class=\"elementor-element elementor-element-7ee9801 elementor-widget elementor-widget-iheading\" data-id=\"7ee9801\" data-element_type=\"widget\" data-widget_type=\"iheading.default\">\n\t\t\t\t<div class=\"elementor-widget-container\">\n\t\t\t\t\t<div class=\"ot-heading\">\r\n\t        \t            <span>\/\/ \u00dcber das Unternehmen<\/span>\r\n\t        <h2 class=\"main-heading\">Ihr Partner f\u00fcr <br>\nSoftware Innovation<\/h2>\t    <\/div>\r\n\t    \t\t<\/div>\n\t\t\t\t<\/div>\n\t\t\t\t<div class=\"elementor-element elementor-element-7e2c580 elementor-widget elementor-widget-text-editor\" data-id=\"7e2c580\" data-element_type=\"widget\" data-widget_type=\"text-editor.default\">\n\t\t\t\t<div class=\"elementor-widget-container\">\n\t\t\t\t\t\t\t<p>Die BUHLITEC GmbH wurde aus der Leidenschaft f\u00fcr Automatisierungstechnik und Technische Informatik gegr\u00fcndet. Ein gro\u00dfer Teil ist die Entwicklung der individuellen Programmierung und deren Inbetriebnahme vor Ort. Wenn Sie nach L\u00f6sungen suchen, um Ihr Produkt zu steuern, zu automatisieren, zu \u00fcberwachen und \/ oder zu steuern, dann sind Sie bei uns richtig. Hier erhalten Sie ma\u00dfgeschneiderte und personalisierte Software in Hochsprachen, mit modernen Methoden und attraktiven Schnittstellen zur Steuerung Ihres Unternehmens.<\/p>\t\t\t\t\t\t<\/div>\n\t\t\t\t<\/div>\n\t\t\t\t\t<\/div>\n\t\t<\/div>\n\t\t\t\t\t\t\t<\/div>\n\t\t<\/section>\n\t\t\t\t<section class=\"elementor-section elementor-top-section elementor-element elementor-element-65f5eeb9 elementor-section-content-middle ot-traditional elementor-section-boxed elementor-section-height-default elementor-section-height-default\" data-id=\"65f5eeb9\" data-element_type=\"section\" id=\"services\" data-settings=\"{&quot;background_background&quot;:&quot;classic&quot;}\">\n\t\t\t\t\t\t\t<div class=\"elementor-background-overlay\"><\/div>\n\t\t\t\t\t\t\t<div class=\"elementor-container elementor-column-gap-no\">\n\t\t\t\t\t<div class=\"elementor-column elementor-col-100 elementor-top-column elementor-element elementor-element-2d884b85 ot-flex-column-vertical\" data-id=\"2d884b85\" data-element_type=\"column\">\n\t\t\t<div class=\"elementor-widget-wrap elementor-element-populated\">\n\t\t\t\t\t\t\t\t<section class=\"elementor-section elementor-inner-section elementor-element elementor-element-ba1259f elementor-section-full_width ot-traditional elementor-section-height-default elementor-section-height-default\" data-id=\"ba1259f\" data-element_type=\"section\">\n\t\t\t\t\t\t<div class=\"elementor-container elementor-column-gap-default\">\n\t\t\t\t\t<div class=\"elementor-column elementor-col-50 elementor-inner-column elementor-element elementor-element-5207206 ot-flex-column-vertical\" data-id=\"5207206\" data-element_type=\"column\" data-settings=\"{&quot;background_background&quot;:&quot;classic&quot;}\">\n\t\t\t<div class=\"elementor-widget-wrap elementor-element-populated\">\n\t\t\t\t\t\t\t\t<div class=\"elementor-element elementor-element-e590fa1 elementor-widget elementor-widget-iiconbox2\" data-id=\"e590fa1\" data-element_type=\"widget\" data-widget_type=\"iiconbox2.default\">\n\t\t\t\t<div class=\"elementor-widget-container\">\n\t\t\t\t\t<div class=\"icon-box-s2 s2\">\r\n\t\t\t<div class=\"icon-main\">\r\n\t\t        \t\t\t    <img src=\"https:\/\/www.bouhlitec.com\/wp-content\/uploads\/2021\/09\/visibility-2.png\" alt=\"Image processing\">\t\t        \t\t        \t        <\/div>\r\n\t        <div class=\"content-box\">\r\n\t            <h5>Bildverarbeitung<\/h5>\r\n\t            <p>Wir bieten Ihnen die Entwicklung und Integration optischer L\u00f6sungen in automatisierte Prozesse in nahezu allen Bereichen der industriellen Produktion.\nOptische Zeichenerkennung, Messtechnik\nOptische Inspektion<\/p>\r\n\t        <\/div>\r\n\t    <\/div>\r\n\t    \t\t<\/div>\n\t\t\t\t<\/div>\n\t\t\t\t\t<\/div>\n\t\t<\/div>\n\t\t\t\t<div class=\"elementor-column elementor-col-50 elementor-inner-column elementor-element elementor-element-69e87db ot-flex-column-vertical\" data-id=\"69e87db\" data-element_type=\"column\">\n\t\t\t<div class=\"elementor-widget-wrap elementor-element-populated\">\n\t\t\t\t\t\t\t\t<div class=\"elementor-element elementor-element-7bee65e elementor-widget elementor-widget-iiconbox2\" data-id=\"7bee65e\" data-element_type=\"widget\" data-widget_type=\"iiconbox2.default\">\n\t\t\t\t<div class=\"elementor-widget-container\">\n\t\t\t\t\t<div class=\"icon-box-s2 s2\">\r\n\t\t\t<div class=\"icon-main\">\r\n\t\t        \t\t\t    <img src=\"https:\/\/www.bouhlitec.com\/wp-content\/uploads\/2021\/09\/Layer-2-1.png\" alt=\"Automation\">\t\t        \t\t        \t        <\/div>\r\n\t        <div class=\"content-box\">\r\n\t            <h5>Automatisierung<\/h5>\r\n\t            <p>Wir bieten Ihnen die Komplettl\u00f6sung von der Montage bis zur Inbetriebnahme.\nProgrammierung Steuerungstechnik HMI \/ SCADA Programmierung, Modernisierung und Erweiterung bestehender Systeme<\/p>\r\n\t        <\/div>\r\n\t    <\/div>\r\n\t    \t\t<\/div>\n\t\t\t\t<\/div>\n\t\t\t\t\t<\/div>\n\t\t<\/div>\n\t\t\t\t\t\t\t<\/div>\n\t\t<\/section>\n\t\t\t\t<section class=\"elementor-section elementor-inner-section elementor-element elementor-element-3bd3248 elementor-section-full_width ot-traditional elementor-section-height-default elementor-section-height-default\" data-id=\"3bd3248\" data-element_type=\"section\">\n\t\t\t\t\t\t<div class=\"elementor-container elementor-column-gap-extended\">\n\t\t\t\t\t<div class=\"elementor-column elementor-col-33 elementor-inner-column elementor-element elementor-element-3fb1de8 ot-flex-column-vertical\" data-id=\"3fb1de8\" data-element_type=\"column\">\n\t\t\t<div class=\"elementor-widget-wrap elementor-element-populated\">\n\t\t\t\t\t\t\t\t<div class=\"elementor-element elementor-element-ecb73fd elementor-widget elementor-widget-iiconbox2\" data-id=\"ecb73fd\" data-element_type=\"widget\" data-widget_type=\"iiconbox2.default\">\n\t\t\t\t<div class=\"elementor-widget-container\">\n\t\t\t\t\t<div class=\"icon-box-s2 s2\">\r\n\t\t\t<div class=\"icon-main\">\r\n\t\t        \t\t\t    <img src=\"https:\/\/www.bouhlitec.com\/wp-content\/uploads\/2021\/09\/coding.png\" alt=\"Programming\">\t\t        \t\t        \t        <\/div>\r\n\t        <div class=\"content-box\">\r\n\t            <h5>Programmierung<\/h5>\r\n\t            <p>Wir bieten Ihnen eine Vielzahl von Programmiersprachen.\nCodesys-Programmiersprachen\nHochsprachen (C#, Java ...)\nProgrammiersprachen f\u00fcr Mikrocontroller<\/p>\r\n\t        <\/div>\r\n\t    <\/div>\r\n\t    \t\t<\/div>\n\t\t\t\t<\/div>\n\t\t\t\t\t<\/div>\n\t\t<\/div>\n\t\t\t\t<div class=\"elementor-column elementor-col-33 elementor-inner-column elementor-element elementor-element-fdcc5c5 ot-flex-column-vertical\" data-id=\"fdcc5c5\" data-element_type=\"column\">\n\t\t\t<div class=\"elementor-widget-wrap elementor-element-populated\">\n\t\t\t\t\t\t\t\t<div class=\"elementor-element elementor-element-265ab06 elementor-widget elementor-widget-iiconbox2\" data-id=\"265ab06\" data-element_type=\"widget\" data-widget_type=\"iiconbox2.default\">\n\t\t\t\t<div class=\"elementor-widget-container\">\n\t\t\t\t\t<div class=\"icon-box-s2 s2\">\r\n\t\t\t<div class=\"icon-main\">\r\n\t\t        \t\t\t    <img src=\"https:\/\/www.bouhlitec.com\/wp-content\/uploads\/2021\/09\/module.png\" alt=\"Interface connection\">\t\t        \t\t        \t        <\/div>\r\n\t        <div class=\"content-box\">\r\n\t            <h5>Individualit\u00e4t<\/h5>\r\n\t            <p>Wir bieten Ihnen verschiedene L\u00f6sungen zum Datenaustausch von Systemen an.\nProfinet, Profibus, Modbus, Seriell ...\nTCP IP, OPC UA<\/p>\r\n\t        <\/div>\r\n\t    <\/div>\r\n\t    \t\t<\/div>\n\t\t\t\t<\/div>\n\t\t\t\t\t<\/div>\n\t\t<\/div>\n\t\t\t\t<div class=\"elementor-column elementor-col-33 elementor-inner-column elementor-element elementor-element-e877246 elementor-hidden-tablet ot-flex-column-vertical\" data-id=\"e877246\" data-element_type=\"column\">\n\t\t\t<div class=\"elementor-widget-wrap elementor-element-populated\">\n\t\t\t\t\t\t\t\t<div class=\"elementor-element elementor-element-cd4b600 elementor-widget elementor-widget-iiconbox2\" data-id=\"cd4b600\" data-element_type=\"widget\" data-widget_type=\"iiconbox2.default\">\n\t\t\t\t<div class=\"elementor-widget-container\">\n\t\t\t\t\t<div class=\"icon-box-s2 s2\">\r\n\t\t\t<div class=\"icon-main\">\r\n\t\t        \t\t\t    <img src=\"https:\/\/www.bouhlitec.com\/wp-content\/uploads\/2021\/09\/Layer-4-1.png\" alt=\"Measuring technology\">\t\t        \t\t        \t        <\/div>\r\n\t        <div class=\"content-box\">\r\n\t            <h5>Messtechnik<\/h5>\r\n\t            <p>Wir bieten Ihnen die Programmierung und Inbetriebnahme von Sensoren mit verschiedenen Messformen.\nIntegrierung an bestehende Systeme, Komplettl\u00f6sung<\/p>\r\n\t        <\/div>\r\n\t    <\/div>\r\n\t    \t\t<\/div>\n\t\t\t\t<\/div>\n\t\t\t\t\t<\/div>\n\t\t<\/div>\n\t\t\t\t\t\t\t<\/div>\n\t\t<\/section>\n\t\t\t\t\t<\/div>\n\t\t<\/div>\n\t\t\t\t\t\t\t<\/div>\n\t\t<\/section>\n\t\t\t\t<section class=\"elementor-section elementor-top-section elementor-element elementor-element-fe120d5 ot-traditional elementor-section-boxed elementor-section-height-default elementor-section-height-default\" data-id=\"fe120d5\" data-element_type=\"section\">\n\t\t\t\t\t\t<div class=\"elementor-container elementor-column-gap-default\">\n\t\t\t\t\t<div class=\"elementor-column elementor-col-100 elementor-top-column elementor-element elementor-element-183f088 ot-flex-column-vertical\" data-id=\"183f088\" data-element_type=\"column\">\n\t\t\t<div class=\"elementor-widget-wrap elementor-element-populated\">\n\t\t\t\t\t\t\t\t<section class=\"elementor-section elementor-inner-section elementor-element elementor-element-93a3eaf elementor-section-full_width ot-traditional elementor-section-height-default elementor-section-height-default\" data-id=\"93a3eaf\" data-element_type=\"section\">\n\t\t\t\t\t\t<div class=\"elementor-container elementor-column-gap-extended\">\n\t\t\t\t\t<div class=\"elementor-column elementor-col-33 elementor-inner-column elementor-element elementor-element-2e6609e ot-flex-column-vertical\" data-id=\"2e6609e\" data-element_type=\"column\">\n\t\t\t<div class=\"elementor-widget-wrap elementor-element-populated\">\n\t\t\t\t\t\t\t\t<div class=\"elementor-element elementor-element-40939ef elementor-widget elementor-widget-icounter\" data-id=\"40939ef\" data-element_type=\"widget\" data-widget_type=\"icounter.default\">\n\t\t\t\t<div class=\"elementor-widget-container\">\n\t\t\t\t\t\t\t\t    \t<div class=\"icounter ot-counter\">\r\n\t\t        \t<div>\r\n\t\t        \t\t<span class=\"num\" data-to=\"67\" data-time= \"2000\"><\/span>\r\n\t\t        \t\t<span>+<\/span>\r\n\t\t        \t<\/div>\r\n\t\t        \t<h6>Projekte abgeschlossen<\/h6>      \t\t\t\t        \r\n\t\t\t    <\/div>\r\n\t\t    \t    \t\t<\/div>\n\t\t\t\t<\/div>\n\t\t\t\t\t<\/div>\n\t\t<\/div>\n\t\t\t\t<div class=\"elementor-column elementor-col-33 elementor-inner-column elementor-element elementor-element-ce261b8 ot-flex-column-vertical\" data-id=\"ce261b8\" data-element_type=\"column\">\n\t\t\t<div class=\"elementor-widget-wrap elementor-element-populated\">\n\t\t\t\t\t\t\t\t<div class=\"elementor-element elementor-element-135d909 elementor-widget elementor-widget-icounter\" data-id=\"135d909\" data-element_type=\"widget\" data-widget_type=\"icounter.default\">\n\t\t\t\t<div class=\"elementor-widget-container\">\n\t\t\t\t\t\t\t\t    \t<div class=\"icounter ot-counter\">\r\n\t\t        \t<div>\r\n\t\t        \t\t<span class=\"num\" data-to=\"7\" data-time= \"2000\"><\/span>\r\n\t\t        \t\t<span>+<\/span>\r\n\t\t        \t<\/div>\r\n\t\t        \t<h6>Aktive Kunden<\/h6>      \t\t\t\t        \r\n\t\t\t    <\/div>\r\n\t\t    \t    \t\t<\/div>\n\t\t\t\t<\/div>\n\t\t\t\t\t<\/div>\n\t\t<\/div>\n\t\t\t\t<div class=\"elementor-column elementor-col-33 elementor-inner-column elementor-element elementor-element-8cb8526 ot-flex-column-vertical\" data-id=\"8cb8526\" data-element_type=\"column\">\n\t\t\t<div class=\"elementor-widget-wrap elementor-element-populated\">\n\t\t\t\t\t\t\t\t<div class=\"elementor-element elementor-element-36a74ae elementor-widget elementor-widget-icounter\" data-id=\"36a74ae\" data-element_type=\"widget\" data-widget_type=\"icounter.default\">\n\t\t\t\t<div class=\"elementor-widget-container\">\n\t\t\t\t\t\t\t\t    \t<div class=\"icounter ot-counter\">\r\n\t\t        \t<div>\r\n\t\t        \t\t<span class=\"num\" data-to=\"5\" data-time= \"2000\"><\/span>\r\n\t\t        \t\t<span>+<\/span>\r\n\t\t        \t<\/div>\r\n\t\t        \t<h6>Glorreiche Jahre<\/h6>      \t\t\t\t        \r\n\t\t\t    <\/div>\r\n\t\t    \t    \t\t<\/div>\n\t\t\t\t<\/div>\n\t\t\t\t\t<\/div>\n\t\t<\/div>\n\t\t\t\t\t\t\t<\/div>\n\t\t<\/section>\n\t\t\t\t\t<\/div>\n\t\t<\/div>\n\t\t\t\t\t\t\t<\/div>\n\t\t<\/section>\n\t\t\t\t\t\t<\/div>\n\t\t\t\t\t<\/div>","protected":false},"excerpt":{"rendered":"<p>\/\/ Functional, Usability &#038; Performance AUTOMATION TECHNOLOGY We transform businesses of most major sectors with powerful and adaptable digital solutions that satisfy the needs of today. \/\/ About Company Your Partner for Software Innovation BOUHLITEC GmbH was founded out of a passion for automation technology and technical informatics. A large part is the development of [&hellip;]<\/p>","protected":false},"author":1,"featured_media":0,"parent":0,"menu_order":0,"comment_status":"closed","ping_status":"closed","template":"","meta":[],"_links":{"self":[{"href":"https:\/\/www.bouhlitec.com\/de\/wp-json\/wp\/v2\/pages\/2451"}],"collection":[{"href":"https:\/\/www.bouhlitec.com\/de\/wp-json\/wp\/v2\/pages"}],"about":[{"href":"https:\/\/www.bouhlitec.com\/de\/wp-json\/wp\/v2\/types\/page"}],"author":[{"embeddable":true,"href":"https:\/\/www.bouhlitec.com\/de\/wp-json\/wp\/v2\/users\/1"}],"replies":[{"embeddable":true,"href":"https:\/\/www.bouhlitec.com\/de\/wp-json\/wp\/v2\/comments?post=2451"}],"version-history":[{"count":283,"href":"https:\/\/www.bouhlitec.com\/de\/wp-json\/wp\/v2\/pages\/2451\/revisions"}],"predecessor-version":[{"id":5794,"href":"https:\/\/www.bouhlitec.com\/de\/wp-json\/wp\/v2\/pages\/2451\/revisions\/5794"}],"wp:attachment":[{"href":"https:\/\/www.bouhlitec.com\/de\/wp-json\/wp\/v2\/media?parent=2451"}],"curies":[{"name":"wp","href":"https:\/\/api.w.org\/{rel}","templated":true}]}}